{"id":127,"date":"2026-03-02T18:36:01","date_gmt":"2026-03-02T18:36:01","guid":{"rendered":"https:\/\/puh-izabela.skola-zabok.avalon.hr\/k-trans\/?page_id=127"},"modified":"2026-04-21T14:50:25","modified_gmt":"2026-04-21T14:50:25","slug":"kontakt","status":"publish","type":"page","link":"https:\/\/puh-izabela.skola-zabok.avalon.hr\/k-trans\/kontakt\/","title":{"rendered":"KONTAKT"},"content":{"rendered":"\t\t<div data-elementor-type=\"wp-page\" data-elementor-id=\"127\" class=\"elementor elementor-127\">\n\t\t\t\t<div class=\"elementor-element elementor-element-b8e1f7f e-flex e-con-boxed wpr-particle-no wpr-jarallax-no wpr-parallax-no wpr-sticky-section-no wpr-equal-height-no e-con e-parent\" data-id=\"b8e1f7f\" data-element_type=\"container\" data-e-type=\"container\">\n\t\t\t\t\t<div class=\"e-con-inner\">\n\t\t\t\t<div class=\"elementor-element elementor-element-dce7988 elementor-widget elementor-widget-spacer\" data-id=\"dce7988\" data-element_type=\"widget\" data-e-type=\"widget\" data-widget_type=\"spacer.default\">\n\t\t\t\t\t\t\t<div class=\"elementor-spacer\">\n\t\t\t<div class=\"elementor-spacer-inner\"><\/div>\n\t\t<\/div>\n\t\t\t\t\t\t<\/div>\n\t\t\t\t\t<\/div>\n\t\t\t\t<\/div>\n\t\t<div class=\"elementor-element elementor-element-8b186d4 e-flex e-con-boxed wpr-particle-no wpr-jarallax-no wpr-parallax-no wpr-sticky-section-no wpr-equal-height-no e-con e-parent\" data-id=\"8b186d4\" data-element_type=\"container\" data-e-type=\"container\">\n\t\t\t\t\t<div class=\"e-con-inner\">\n\t\t\t\t<div class=\"elementor-element elementor-element-098e78f eael-dual-header-content-mobile-align-left eael-dual-header-content-align-center elementor-invisible elementor-widget elementor-widget-eael-dual-color-header\" data-id=\"098e78f\" data-element_type=\"widget\" data-e-type=\"widget\" data-settings=\"{&quot;_animation&quot;:&quot;fadeInLeft&quot;}\" data-widget_type=\"eael-dual-color-header.default\">\n\t\t\t\t\t\t\t\t<div class=\"eael-dual-header\">\n\t\t\t\t<h2 class=\"title eael-dch-title\"><span class=\"eael-dch-title-text eael-dch-title-lead lead solid-color\">Ne\u0161to vas zanima?<\/span> <span class=\"eael-dch-title-text\">Kontaktirajte nas ve\u0107 danas!<\/span><\/h2>\t\t\t\t\t<span class=\"subtext\"><p>Na\u0161 tim \u0107e vam sa zadovoljstvom pru\u017eiti najbolju uslugu i odgovoriti na svako va\u0161e pitanje!<\/p><\/span>\n\t\t\t\t\t\t\t\t\t<span class=\"eael-dch-svg-icon\"><\/span>\t\t\t\t\t\t\t<\/div>\n\n\t\t\t\t\t\t<\/div>\n\t\t\t\t\t<\/div>\n\t\t\t\t<\/div>\n\t\t<div class=\"elementor-element elementor-element-07be8af e-flex e-con-boxed wpr-particle-no wpr-jarallax-no wpr-parallax-no wpr-sticky-section-no wpr-equal-height-no e-con e-parent\" data-id=\"07be8af\" data-element_type=\"container\" data-e-type=\"container\">\n\t\t\t\t\t<div class=\"e-con-inner\">\n\t\t\t\t<div class=\"elementor-element elementor-element-31d1484 elementor-invisible elementor-widget elementor-widget-wpforms\" data-id=\"31d1484\" data-element_type=\"widget\" data-e-type=\"widget\" data-settings=\"{&quot;_animation&quot;:&quot;bounceInRight&quot;}\" data-widget_type=\"wpforms.default\">\n\t\t\t\t<div class=\"elementor-widget-container\">\n\t\t\t\t\t<style id=\"wpforms-css-vars-elementor-widget-31d1484\">\n\t\t\t\t.elementor-widget-wpforms.elementor-element-31d1484 {\n\t\t\t\t--wpforms-button-background-color: #2373CE;\n\t\t\t}\n\t\t\t<\/style><div class=\"wpforms-container wpforms-container-full wpforms-render-modern\" id=\"wpforms-142\"><form id=\"wpforms-form-142\" class=\"wpforms-validate wpforms-form wpforms-ajax-form\" data-formid=\"142\" method=\"post\" enctype=\"multipart\/form-data\" action=\"\/k-trans\/wp-json\/wp\/v2\/pages\/127\" data-token=\"ce9a341831981ba39c73c776fcb97de9\" data-token-time=\"1777735372\"><noscript class=\"wpforms-error-noscript\">Please enable JavaScript in your browser to complete this form.<\/noscript><div id=\"wpforms-error-noscript\" style=\"display: none;\">Please enable JavaScript in your browser to complete this form.<\/div><div class=\"wpforms-field-container\"><div id=\"wpforms-142-field_1-container\" class=\"wpforms-field wpforms-field-name\" data-field-id=\"1\"><fieldset><legend class=\"wpforms-field-label\">Ime i prezime <span class=\"wpforms-required-label\" aria-hidden=\"true\">*<\/span><\/legend><div class=\"wpforms-field-row wpforms-field-medium\"><div class=\"wpforms-field-row-block wpforms-first wpforms-one-half\"><input type=\"text\" id=\"wpforms-142-field_1\" class=\"wpforms-field-name-first wpforms-field-required\" name=\"wpforms[fields][1][first]\" aria-errormessage=\"wpforms-142-field_1-error\" aria-describedby=\"wpforms-142-field_1-description\" required><label for=\"wpforms-142-field_1\" class=\"wpforms-field-sublabel after\">First<\/label><\/div><div class=\"wpforms-field-row-block wpforms-one-half\"><input type=\"text\" id=\"wpforms-142-field_1-last\" class=\"wpforms-field-name-last wpforms-field-required\" name=\"wpforms[fields][1][last]\" aria-errormessage=\"wpforms-142-field_1-last-error\" aria-describedby=\"wpforms-142-field_1-description\" required><label for=\"wpforms-142-field_1-last\" class=\"wpforms-field-sublabel after\">Last<\/label><\/div><\/div><div id=\"wpforms-142-field_1-description\" class=\"wpforms-field-description\">Upi\u0161ite va\u0161e ime i prezime<\/div><\/fieldset><\/div><div id=\"wpforms-142-field_2-container\" class=\"wpforms-field wpforms-field-email\" data-field-id=\"2\"><label class=\"wpforms-field-label\" for=\"wpforms-142-field_2\">Email <span class=\"wpforms-required-label\" aria-hidden=\"true\">*<\/span><\/label><input type=\"email\" id=\"wpforms-142-field_2\" class=\"wpforms-field-medium wpforms-field-required\" name=\"wpforms[fields][2]\" spellcheck=\"false\" aria-errormessage=\"wpforms-142-field_2-error\" aria-describedby=\"wpforms-142-field_2-description\" required><div id=\"wpforms-142-field_2-description\" class=\"wpforms-field-description\">Ovdje upi\u0161ite va\u0161u email adresu (npr. k-trans@gmail.com)<\/div><\/div>\t\t<div id=\"wpforms-142-field_4-container\"\n\t\t\tclass=\"wpforms-field wpforms-field-text\"\n\t\t\tdata-field-type=\"text\"\n\t\t\tdata-field-id=\"4\"\n\t\t\t>\n\t\t\t<label class=\"wpforms-field-label\" for=\"wpforms-142-field_4\" >zahtjev suradnju \/<\/label>\n\t\t\t<input type=\"text\" id=\"wpforms-142-field_4\" class=\"wpforms-field-medium\" name=\"wpforms[fields][4]\" >\n\t\t<\/div>\n\t\t<div id=\"wpforms-142-field_3-container\" class=\"wpforms-field wpforms-field-textarea\" data-field-id=\"3\"><label class=\"wpforms-field-label\" for=\"wpforms-142-field_3\">Va\u0161 upit \/ poruka \/ zahtjev za suradnju<\/label><textarea id=\"wpforms-142-field_3\" class=\"wpforms-field-medium\" name=\"wpforms[fields][3]\" aria-errormessage=\"wpforms-142-field_3-error\" aria-describedby=\"wpforms-142-field_3-description\" ><\/textarea><div id=\"wpforms-142-field_3-description\" class=\"wpforms-field-description\">Ovdje upi\u0161ite svoj upit \/ poruku \/ zahtjev za suradnju<\/div><\/div><script>\n\t\t\t\t( function() {\n\t\t\t\t\tconst style = document.createElement( 'style' );\n\t\t\t\t\tstyle.appendChild( document.createTextNode( '#wpforms-142-field_4-container { position: absolute !important; overflow: hidden !important; display: inline !important; height: 1px !important; width: 1px !important; z-index: -1000 !important; padding: 0 !important; } #wpforms-142-field_4-container input { visibility: hidden; } #wpforms-conversational-form-page #wpforms-142-field_4-container label { counter-increment: none; }' ) );\n\t\t\t\t\tdocument.head.appendChild( style );\n\t\t\t\t\tdocument.currentScript?.remove();\n\t\t\t\t} )();\n\t\t\t<\/script><\/div><!-- .wpforms-field-container --><div class=\"wpforms-submit-container\" ><input type=\"hidden\" name=\"wpforms[id]\" value=\"142\"><input type=\"hidden\" name=\"page_title\" value=\"\"><input type=\"hidden\" name=\"page_url\" value=\"https:\/\/puh-izabela.skola-zabok.avalon.hr\/k-trans\/wp-json\/wp\/v2\/pages\/127\"><input type=\"hidden\" name=\"url_referer\" value=\"\"><button type=\"submit\" name=\"wpforms[submit]\" id=\"wpforms-submit-142\" class=\"wpforms-submit\" data-alt-text=\"\u0160aljem...\" data-submit-text=\"Po\u0161alji\" aria-live=\"assertive\" value=\"wpforms-submit\">Po\u0161alji<\/button><img decoding=\"async\" src=\"https:\/\/puh-izabela.skola-zabok.avalon.hr\/k-trans\/wp-content\/plugins\/wpforms-lite\/assets\/images\/submit-spin.svg\" class=\"wpforms-submit-spinner\" style=\"display: none;\" width=\"26\" height=\"26\" alt=\"Loading\"><\/div><\/form><\/div>  <!-- .wpforms-container -->\t\t\t\t<\/div>\n\t\t\t\t<\/div>\n\t\t\t\t\t<\/div>\n\t\t\t\t<\/div>\n\t\t<div class=\"elementor-element elementor-element-10d58db e-flex e-con-boxed wpr-particle-no wpr-jarallax-no wpr-parallax-no wpr-sticky-section-no wpr-equal-height-no e-con e-parent\" data-id=\"10d58db\" data-element_type=\"container\" data-e-type=\"container\">\n\t\t\t\t\t<div class=\"e-con-inner\">\n\t\t\t\t<div class=\"elementor-element elementor-element-e699eeb elementor-widget elementor-widget-spacer\" data-id=\"e699eeb\" data-element_type=\"widget\" data-e-type=\"widget\" data-widget_type=\"spacer.default\">\n\t\t\t\t\t\t\t<div class=\"elementor-spacer\">\n\t\t\t<div class=\"elementor-spacer-inner\"><\/div>\n\t\t<\/div>\n\t\t\t\t\t\t<\/div>\n\t\t\t\t\t<\/div>\n\t\t\t\t<\/div>\n\t\t<div class=\"elementor-element elementor-element-0b142b1 e-flex e-con-boxed wpr-particle-no wpr-jarallax-no wpr-parallax-no wpr-sticky-section-no wpr-equal-height-no e-con e-parent\" data-id=\"0b142b1\" data-element_type=\"container\" data-e-type=\"container\" data-settings=\"{&quot;shape_divider_bottom&quot;:&quot;waves&quot;}\">\n\t\t\t\t\t<div class=\"e-con-inner\">\n\t\t\t\t<div class=\"elementor-shape elementor-shape-bottom\" aria-hidden=\"true\" data-negative=\"false\">\n\t\t\t<svg xmlns=\"http:\/\/www.w3.org\/2000\/svg\" viewBox=\"0 0 1000 100\" preserveAspectRatio=\"none\">\n\t<path class=\"elementor-shape-fill\" d=\"M421.9,6.5c22.6-2.5,51.5,0.4,75.5,5.3c23.6,4.9,70.9,23.5,100.5,35.7c75.8,32.2,133.7,44.5,192.6,49.7\n\tc23.6,2.1,48.7,3.5,103.4-2.5c54.7-6,106.2-25.6,106.2-25.6V0H0v30.3c0,0,72,32.6,158.4,30.5c39.2-0.7,92.8-6.7,134-22.4\n\tc21.2-8.1,52.2-18.2,79.7-24.2C399.3,7.9,411.6,7.5,421.9,6.5z\"\/>\n<\/svg>\t\t<\/div>\n\t\t\t\t\t<\/div>\n\t\t\t\t<\/div>\n\t\t\t\t<\/div>\n\t\t","protected":false},"excerpt":{"rendered":"<p>Ne\u0161to vas zanima? Kontaktirajte nas ve\u0107 danas! Na\u0161 tim \u0107e vam sa zadovoljstvom pru\u017eiti najbolju uslugu i odgovoriti na svako va\u0161e pitanje! Please enable JavaScript in your browser to complete this form.Please enable JavaScript in your browser to complete this form. Ime i prezime * FirstLastUpi\u0161ite va\u0161e ime i prezime Email *Ovdje upi\u0161ite va\u0161u email adresu (npr. k-trans@gmail.com)Va\u0161 upit \/ poruka \/ zahtjev za suradnjuOvdje upi\u0161ite svoj upit \/ poruku \/ zahtjev za suradnju Po\u0161alji<\/p>\n","protected":false},"author":1,"featured_media":0,"parent":0,"menu_order":0,"comment_status":"closed","ping_status":"closed","template":"","meta":{"_eb_attr":"","site-sidebar-layout":"no-sidebar","site-content-layout":"","ast-site-content-layout":"full-width-container","site-content-style":"default","site-sidebar-style":"default","ast-global-header-display":"","ast-banner-title-visibility":"","ast-main-header-display":"","ast-hfb-above-header-display":"","ast-hfb-below-header-display":"","ast-hfb-mobile-header-display":"","site-post-title":"disabled","ast-breadcrumbs-content":"","ast-featured-img":"disabled","footer-sml-layout":"","ast-disable-related-posts":"","theme-transparent-header-meta":"","adv-header-id-meta":"","stick-header-meta":"","header-above-stick-meta":"","header-main-stick-meta":"","header-below-stick-meta":"","astra-migrate-meta-layouts":"default","ast-page-background-enabled":"default","ast-page-background-meta":{"desktop":{"background-color":"var(--ast-global-color-5)","background-image":"","background-repeat":"repeat","background-position":"center center","background-size":"auto","background-attachment":"scroll","background-type":"","background-media":"","overlay-type":"","overlay-color":"","overlay-opacity":"","overlay-gradient":""},"tablet":{"background-color":"","background-image":"","background-repeat":"repeat","background-position":"center center","background-size":"auto","background-attachment":"scroll","background-type":"","background-media":"","overlay-type":"","overlay-color":"","overlay-opacity":"","overlay-gradient":""},"mobile":{"background-color":"","background-image":"","background-repeat":"repeat","background-position":"center center","background-size":"auto","background-attachment":"scroll","background-type":"","background-media":"","overlay-type":"","overlay-color":"","overlay-opacity":"","overlay-gradient":""}},"ast-content-background-meta":{"desktop":{"background-color":"var(--ast-global-color-4)","background-image":"","background-repeat":"repeat","background-position":"center center","background-size":"auto","background-attachment":"scroll","background-type":"","background-media":"","overlay-type":"","overlay-color":"","overlay-opacity":"","overlay-gradient":""},"tablet":{"background-color":"var(--ast-global-color-4)","background-image":"","background-repeat":"repeat","background-position":"center center","background-size":"auto","background-attachment":"scroll","background-type":"","background-media":"","overlay-type":"","overlay-color":"","overlay-opacity":"","overlay-gradient":""},"mobile":{"background-color":"var(--ast-global-color-4)","background-image":"","background-repeat":"repeat","background-position":"center center","background-size":"auto","background-attachment":"scroll","background-type":"","background-media":"","overlay-type":"","overlay-color":"","overlay-opacity":"","overlay-gradient":""}},"footnotes":""},"class_list":["post-127","page","type-page","status-publish","hentry"],"yoast_head":"<!-- This site is optimized with the Yoast SEO plugin v27.4 - https:\/\/yoast.com\/product\/yoast-seo-wordpress\/ -->\n<title>KONTAKT -<\/title>\n<meta name=\"robots\" content=\"index, follow, max-snippet:-1, max-image-preview:large, max-video-preview:-1\" \/>\n<link rel=\"canonical\" href=\"https:\/\/puh-izabela.skola-zabok.avalon.hr\/k-trans\/kontakt\/\" \/>\n<meta property=\"og:locale\" content=\"hr_HR\" \/>\n<meta property=\"og:type\" content=\"article\" \/>\n<meta property=\"og:title\" content=\"KONTAKT -\" \/>\n<meta property=\"og:description\" content=\"Ne\u0161to vas zanima? Kontaktirajte nas ve\u0107 danas! Na\u0161 tim \u0107e vam sa zadovoljstvom pru\u017eiti najbolju uslugu i odgovoriti na svako va\u0161e pitanje! Please enable JavaScript in your browser to complete this form.Please enable JavaScript in your browser to complete this form. Ime i prezime * FirstLastUpi\u0161ite va\u0161e ime i prezime Email *Ovdje upi\u0161ite va\u0161u email adresu (npr. k-trans@gmail.com)Va\u0161 upit \/ poruka \/ zahtjev za suradnjuOvdje upi\u0161ite svoj upit \/ poruku \/ zahtjev za suradnju Po\u0161alji\" \/>\n<meta property=\"og:url\" content=\"https:\/\/puh-izabela.skola-zabok.avalon.hr\/k-trans\/kontakt\/\" \/>\n<meta property=\"article:modified_time\" content=\"2026-04-21T14:50:25+00:00\" \/>\n<meta property=\"og:image\" content=\"https:\/\/puh-izabela.skola-zabok.avalon.hr\/k-trans\/wp-content\/plugins\/wpforms-lite\/assets\/images\/submit-spin.svg\" \/>\n<meta name=\"twitter:card\" content=\"summary_large_image\" \/>\n<meta name=\"twitter:label1\" content=\"Procijenjeno vrijeme \u010ditanja\" \/>\n\t<meta name=\"twitter:data1\" content=\"1 minuta\" \/>\n<script type=\"application\/ld+json\" class=\"yoast-schema-graph\">{\"@context\":\"https:\\\/\\\/schema.org\",\"@graph\":[{\"@type\":\"WebPage\",\"@id\":\"https:\\\/\\\/puh-izabela.skola-zabok.avalon.hr\\\/k-trans\\\/kontakt\\\/\",\"url\":\"https:\\\/\\\/puh-izabela.skola-zabok.avalon.hr\\\/k-trans\\\/kontakt\\\/\",\"name\":\"KONTAKT -\",\"isPartOf\":{\"@id\":\"https:\\\/\\\/puh-izabela.skola-zabok.avalon.hr\\\/k-trans\\\/#website\"},\"primaryImageOfPage\":{\"@id\":\"https:\\\/\\\/puh-izabela.skola-zabok.avalon.hr\\\/k-trans\\\/kontakt\\\/#primaryimage\"},\"image\":{\"@id\":\"https:\\\/\\\/puh-izabela.skola-zabok.avalon.hr\\\/k-trans\\\/kontakt\\\/#primaryimage\"},\"thumbnailUrl\":\"https:\\\/\\\/puh-izabela.skola-zabok.avalon.hr\\\/k-trans\\\/wp-content\\\/plugins\\\/wpforms-lite\\\/assets\\\/images\\\/submit-spin.svg\",\"datePublished\":\"2026-03-02T18:36:01+00:00\",\"dateModified\":\"2026-04-21T14:50:25+00:00\",\"breadcrumb\":{\"@id\":\"https:\\\/\\\/puh-izabela.skola-zabok.avalon.hr\\\/k-trans\\\/kontakt\\\/#breadcrumb\"},\"inLanguage\":\"hr\",\"potentialAction\":[{\"@type\":\"ReadAction\",\"target\":[\"https:\\\/\\\/puh-izabela.skola-zabok.avalon.hr\\\/k-trans\\\/kontakt\\\/\"]}]},{\"@type\":\"ImageObject\",\"inLanguage\":\"hr\",\"@id\":\"https:\\\/\\\/puh-izabela.skola-zabok.avalon.hr\\\/k-trans\\\/kontakt\\\/#primaryimage\",\"url\":\"https:\\\/\\\/puh-izabela.skola-zabok.avalon.hr\\\/k-trans\\\/wp-content\\\/plugins\\\/wpforms-lite\\\/assets\\\/images\\\/submit-spin.svg\",\"contentUrl\":\"https:\\\/\\\/puh-izabela.skola-zabok.avalon.hr\\\/k-trans\\\/wp-content\\\/plugins\\\/wpforms-lite\\\/assets\\\/images\\\/submit-spin.svg\"},{\"@type\":\"BreadcrumbList\",\"@id\":\"https:\\\/\\\/puh-izabela.skola-zabok.avalon.hr\\\/k-trans\\\/kontakt\\\/#breadcrumb\",\"itemListElement\":[{\"@type\":\"ListItem\",\"position\":1,\"name\":\"Home\",\"item\":\"https:\\\/\\\/puh-izabela.skola-zabok.avalon.hr\\\/k-trans\\\/\"},{\"@type\":\"ListItem\",\"position\":2,\"name\":\"KONTAKT\"}]},{\"@type\":\"WebSite\",\"@id\":\"https:\\\/\\\/puh-izabela.skola-zabok.avalon.hr\\\/k-trans\\\/#website\",\"url\":\"https:\\\/\\\/puh-izabela.skola-zabok.avalon.hr\\\/k-trans\\\/\",\"name\":\"\",\"description\":\"\",\"potentialAction\":[{\"@type\":\"SearchAction\",\"target\":{\"@type\":\"EntryPoint\",\"urlTemplate\":\"https:\\\/\\\/puh-izabela.skola-zabok.avalon.hr\\\/k-trans\\\/?s={search_term_string}\"},\"query-input\":{\"@type\":\"PropertyValueSpecification\",\"valueRequired\":true,\"valueName\":\"search_term_string\"}}],\"inLanguage\":\"hr\"}]}<\/script>\n<!-- \/ Yoast SEO plugin. -->","yoast_head_json":{"title":"KONTAKT -","robots":{"index":"index","follow":"follow","max-snippet":"max-snippet:-1","max-image-preview":"max-image-preview:large","max-video-preview":"max-video-preview:-1"},"canonical":"https:\/\/puh-izabela.skola-zabok.avalon.hr\/k-trans\/kontakt\/","og_locale":"hr_HR","og_type":"article","og_title":"KONTAKT -","og_description":"Ne\u0161to vas zanima? Kontaktirajte nas ve\u0107 danas! Na\u0161 tim \u0107e vam sa zadovoljstvom pru\u017eiti najbolju uslugu i odgovoriti na svako va\u0161e pitanje! Please enable JavaScript in your browser to complete this form.Please enable JavaScript in your browser to complete this form. Ime i prezime * FirstLastUpi\u0161ite va\u0161e ime i prezime Email *Ovdje upi\u0161ite va\u0161u email adresu (npr. k-trans@gmail.com)Va\u0161 upit \/ poruka \/ zahtjev za suradnjuOvdje upi\u0161ite svoj upit \/ poruku \/ zahtjev za suradnju Po\u0161alji","og_url":"https:\/\/puh-izabela.skola-zabok.avalon.hr\/k-trans\/kontakt\/","article_modified_time":"2026-04-21T14:50:25+00:00","og_image":[{"url":"https:\/\/puh-izabela.skola-zabok.avalon.hr\/k-trans\/wp-content\/plugins\/wpforms-lite\/assets\/images\/submit-spin.svg","type":"","width":"","height":""}],"twitter_card":"summary_large_image","twitter_misc":{"Procijenjeno vrijeme \u010ditanja":"1 minuta"},"schema":{"@context":"https:\/\/schema.org","@graph":[{"@type":"WebPage","@id":"https:\/\/puh-izabela.skola-zabok.avalon.hr\/k-trans\/kontakt\/","url":"https:\/\/puh-izabela.skola-zabok.avalon.hr\/k-trans\/kontakt\/","name":"KONTAKT -","isPartOf":{"@id":"https:\/\/puh-izabela.skola-zabok.avalon.hr\/k-trans\/#website"},"primaryImageOfPage":{"@id":"https:\/\/puh-izabela.skola-zabok.avalon.hr\/k-trans\/kontakt\/#primaryimage"},"image":{"@id":"https:\/\/puh-izabela.skola-zabok.avalon.hr\/k-trans\/kontakt\/#primaryimage"},"thumbnailUrl":"https:\/\/puh-izabela.skola-zabok.avalon.hr\/k-trans\/wp-content\/plugins\/wpforms-lite\/assets\/images\/submit-spin.svg","datePublished":"2026-03-02T18:36:01+00:00","dateModified":"2026-04-21T14:50:25+00:00","breadcrumb":{"@id":"https:\/\/puh-izabela.skola-zabok.avalon.hr\/k-trans\/kontakt\/#breadcrumb"},"inLanguage":"hr","potentialAction":[{"@type":"ReadAction","target":["https:\/\/puh-izabela.skola-zabok.avalon.hr\/k-trans\/kontakt\/"]}]},{"@type":"ImageObject","inLanguage":"hr","@id":"https:\/\/puh-izabela.skola-zabok.avalon.hr\/k-trans\/kontakt\/#primaryimage","url":"https:\/\/puh-izabela.skola-zabok.avalon.hr\/k-trans\/wp-content\/plugins\/wpforms-lite\/assets\/images\/submit-spin.svg","contentUrl":"https:\/\/puh-izabela.skola-zabok.avalon.hr\/k-trans\/wp-content\/plugins\/wpforms-lite\/assets\/images\/submit-spin.svg"},{"@type":"BreadcrumbList","@id":"https:\/\/puh-izabela.skola-zabok.avalon.hr\/k-trans\/kontakt\/#breadcrumb","itemListElement":[{"@type":"ListItem","position":1,"name":"Home","item":"https:\/\/puh-izabela.skola-zabok.avalon.hr\/k-trans\/"},{"@type":"ListItem","position":2,"name":"KONTAKT"}]},{"@type":"WebSite","@id":"https:\/\/puh-izabela.skola-zabok.avalon.hr\/k-trans\/#website","url":"https:\/\/puh-izabela.skola-zabok.avalon.hr\/k-trans\/","name":"","description":"","potentialAction":[{"@type":"SearchAction","target":{"@type":"EntryPoint","urlTemplate":"https:\/\/puh-izabela.skola-zabok.avalon.hr\/k-trans\/?s={search_term_string}"},"query-input":{"@type":"PropertyValueSpecification","valueRequired":true,"valueName":"search_term_string"}}],"inLanguage":"hr"}]}},"_links":{"self":[{"href":"https:\/\/puh-izabela.skola-zabok.avalon.hr\/k-trans\/wp-json\/wp\/v2\/pages\/127","targetHints":{"allow":["GET"]}}],"collection":[{"href":"https:\/\/puh-izabela.skola-zabok.avalon.hr\/k-trans\/wp-json\/wp\/v2\/pages"}],"about":[{"href":"https:\/\/puh-izabela.skola-zabok.avalon.hr\/k-trans\/wp-json\/wp\/v2\/types\/page"}],"author":[{"embeddable":true,"href":"https:\/\/puh-izabela.skola-zabok.avalon.hr\/k-trans\/wp-json\/wp\/v2\/users\/1"}],"replies":[{"embeddable":true,"href":"https:\/\/puh-izabela.skola-zabok.avalon.hr\/k-trans\/wp-json\/wp\/v2\/comments?post=127"}],"version-history":[{"count":50,"href":"https:\/\/puh-izabela.skola-zabok.avalon.hr\/k-trans\/wp-json\/wp\/v2\/pages\/127\/revisions"}],"predecessor-version":[{"id":480,"href":"https:\/\/puh-izabela.skola-zabok.avalon.hr\/k-trans\/wp-json\/wp\/v2\/pages\/127\/revisions\/480"}],"wp:attachment":[{"href":"https:\/\/puh-izabela.skola-zabok.avalon.hr\/k-trans\/wp-json\/wp\/v2\/media?parent=127"}],"curies":[{"name":"wp","href":"https:\/\/api.w.org\/{rel}","templated":true}]}}