{"id":68,"date":"2026-03-01T10:22:22","date_gmt":"2026-03-01T10:22:22","guid":{"rendered":"https:\/\/puh-izabela.skola-zabok.avalon.hr\/k-trans\/?page_id=68"},"modified":"2026-04-21T14:52:47","modified_gmt":"2026-04-21T14:52:47","slug":"usluge","status":"publish","type":"page","link":"https:\/\/puh-izabela.skola-zabok.avalon.hr\/k-trans\/usluge\/","title":{"rendered":"USLUGE"},"content":{"rendered":"\t\t<div data-elementor-type=\"wp-page\" data-elementor-id=\"68\" class=\"elementor elementor-68\">\n\t\t\t\t<div class=\"elementor-element elementor-element-d9db183 e-flex e-con-boxed wpr-particle-no wpr-jarallax-no wpr-parallax-no wpr-sticky-section-no wpr-equal-height-no e-con e-parent\" data-id=\"d9db183\" data-element_type=\"container\" data-e-type=\"container\">\n\t\t\t\t\t<div class=\"e-con-inner\">\n\t\t\t\t<div class=\"elementor-element elementor-element-c0d456b elementor-widget elementor-widget-spacer\" data-id=\"c0d456b\" data-element_type=\"widget\" data-e-type=\"widget\" data-widget_type=\"spacer.default\">\n\t\t\t\t\t\t\t<div class=\"elementor-spacer\">\n\t\t\t<div class=\"elementor-spacer-inner\"><\/div>\n\t\t<\/div>\n\t\t\t\t\t\t<\/div>\n\t\t\t\t\t<\/div>\n\t\t\t\t<\/div>\n\t\t<div class=\"elementor-element elementor-element-7734e22 e-flex e-con-boxed wpr-particle-no wpr-jarallax-no wpr-parallax-no wpr-sticky-section-no wpr-equal-height-no elementor-invisible e-con e-parent\" data-id=\"7734e22\" data-element_type=\"container\" data-e-type=\"container\" data-settings=\"{&quot;animation&quot;:&quot;fadeInLeft&quot;}\">\n\t\t\t\t\t<div class=\"e-con-inner\">\n\t\t\t\t<div class=\"elementor-element elementor-element-19098f9 eael-dual-header-content-mobile-align-left eael-dual-header-content-align-center elementor-widget elementor-widget-eael-dual-color-header\" data-id=\"19098f9\" data-element_type=\"widget\" data-e-type=\"widget\" data-widget_type=\"eael-dual-color-header.default\">\n\t\t\t\t\t\t\t\t<div class=\"eael-dual-header\">\n\t\t\t\t<h2 class=\"title eael-dch-title\"><span class=\"eael-dch-title-text eael-dch-title-lead lead solid-color\">sve Na\u0161e usluge    <\/span> <span class=\"eael-dch-title-text\">u k-trans<\/span><\/h2>\t\t\t\t\t<span class=\"subtext\"><p>Saznajte vi\u0161e o uslugama koje nudimo u na\u0161oj tvrtki<\/p><\/span>\n\t\t\t\t\t\t\t<\/div>\n\n\t\t\t\t\t\t<\/div>\n\t\t\t\t\t<\/div>\n\t\t\t\t<\/div>\n\t\t<div class=\"elementor-element elementor-element-8e6d7b0 e-grid e-con-boxed wpr-particle-no wpr-jarallax-no wpr-parallax-no wpr-sticky-section-no wpr-equal-height-no e-con e-parent\" data-id=\"8e6d7b0\" data-element_type=\"container\" data-e-type=\"container\" data-settings=\"{&quot;animation&quot;:&quot;none&quot;}\">\n\t\t\t\t\t<div class=\"e-con-inner\">\n\t\t<div class=\"elementor-element elementor-element-100bcb3 e-grid e-con-full wpr-particle-no wpr-jarallax-no wpr-parallax-no wpr-sticky-section-no wpr-equal-height-no elementor-invisible e-con e-child\" data-id=\"100bcb3\" data-element_type=\"container\" data-e-type=\"container\" data-settings=\"{&quot;animation&quot;:&quot;fadeInRight&quot;}\">\n\t\t\t\t<div class=\"elementor-element elementor-element-985f7ce elementor-widget elementor-widget-heading\" data-id=\"985f7ce\" data-element_type=\"widget\" data-e-type=\"widget\" data-widget_type=\"heading.default\">\n\t\t\t\t\t<h1 class=\"elementor-heading-title elementor-size-default\">Prijevoz robe<\/h1>\t\t\t\t<\/div>\n\t\t\t\t<div class=\"elementor-element elementor-element-1f5b927 elementor-widget elementor-widget-text-editor\" data-id=\"1f5b927\" data-element_type=\"widget\" data-e-type=\"widget\" data-widget_type=\"text-editor.default\">\n\t\t\t\t\t\t\t\t\t<p>Pru\u017eamo pouzdanu i brzu uslugu transporta svih vrsta tereta. Bilo da se radi o paletiranoj robi ili rasutom teretu, na\u0161 moderni vozni park i iskusni voza\u010di osiguravaju da va\u0161a po\u0161iljka stigne na odredi\u0161te sigurno i to\u010dno na vrijeme.<\/p>\t\t\t\t\t\t\t\t<\/div>\n\t\t\t\t<\/div>\n\t\t<div class=\"elementor-element elementor-element-f278d58 e-grid e-con-full wpr-particle-no wpr-jarallax-no wpr-parallax-no wpr-sticky-section-no wpr-equal-height-no elementor-invisible e-con e-child\" data-id=\"f278d58\" data-element_type=\"container\" data-e-type=\"container\" data-settings=\"{&quot;animation&quot;:&quot;fadeInRight&quot;}\">\n\t\t\t\t<div class=\"elementor-element elementor-element-2f3c564 elementor-widget elementor-widget-heading\" data-id=\"2f3c564\" data-element_type=\"widget\" data-e-type=\"widget\" data-widget_type=\"heading.default\">\n\t\t\t\t\t<h1 class=\"elementor-heading-title elementor-size-default\">Izvanredni prijevoz<\/h1>\t\t\t\t<\/div>\n\t\t\t\t<div class=\"elementor-element elementor-element-f4b1154 elementor-widget elementor-widget-text-editor\" data-id=\"f4b1154\" data-element_type=\"widget\" data-e-type=\"widget\" data-widget_type=\"text-editor.default\">\n\t\t\t\t\t\t\t\t\t<p>Pru\u017eamo siguran transport tereta izvanstandardnih dimenzija i masa. Uz svu potrebnu dokumentaciju i detaljno planiranje ruta, osiguravamo da i najzahtjevniji tereti stignu na svoje odredi\u0161te bez zastoja.<\/p>\t\t\t\t\t\t\t\t<\/div>\n\t\t\t\t<\/div>\n\t\t<div class=\"elementor-element elementor-element-e95fc86 e-grid e-con-full wpr-particle-no wpr-jarallax-no wpr-parallax-no wpr-sticky-section-no wpr-equal-height-no elementor-invisible e-con e-child\" data-id=\"e95fc86\" data-element_type=\"container\" data-e-type=\"container\" data-settings=\"{&quot;animation&quot;:&quot;fadeInRight&quot;}\">\n\t\t\t\t<div class=\"elementor-element elementor-element-d379863 elementor-widget elementor-widget-heading\" data-id=\"d379863\" data-element_type=\"widget\" data-e-type=\"widget\" data-widget_type=\"heading.default\">\n\t\t\t\t\t<h1 class=\"elementor-heading-title elementor-size-default\">Najam vozila<\/h1>\t\t\t\t<\/div>\n\t\t\t\t<div class=\"elementor-element elementor-element-233e858 elementor-widget elementor-widget-text-editor\" data-id=\"233e858\" data-element_type=\"widget\" data-e-type=\"widget\" data-widget_type=\"text-editor.default\">\n\t\t\t\t\t\t\t\t\t<p>Trebate vozilo za vlastite potrebe? Nudimo fleksibilan najam odr\u017eavanih i sigurnih vozila razli\u010ditih kategorija. Bez obzira na trajanje najma, jam\u010dimo vam tehni\u010dku ispravnost i maksimalnu podr\u0161ku na cesti.<\/p>\t\t\t\t\t\t\t\t<\/div>\n\t\t\t\t<\/div>\n\t\t<div class=\"elementor-element elementor-element-cb309f9 e-grid e-con-full wpr-particle-no wpr-jarallax-no wpr-parallax-no wpr-sticky-section-no wpr-equal-height-no elementor-invisible e-con e-child\" data-id=\"cb309f9\" data-element_type=\"container\" data-e-type=\"container\" data-settings=\"{&quot;animation&quot;:&quot;fadeInRight&quot;}\">\n\t\t\t\t<div class=\"elementor-element elementor-element-0443c2e elementor-widget elementor-widget-heading\" data-id=\"0443c2e\" data-element_type=\"widget\" data-e-type=\"widget\" data-widget_type=\"heading.default\">\n\t\t\t\t\t<h1 class=\"elementor-heading-title elementor-size-default\">Prijevoz putnika<\/h1>\t\t\t\t<\/div>\n\t\t\t\t<div class=\"elementor-element elementor-element-2cc2ad4 elementor-widget elementor-widget-text-editor\" data-id=\"2cc2ad4\" data-element_type=\"widget\" data-e-type=\"widget\" data-widget_type=\"text-editor.default\">\n\t\t\t\t\t\t\t\t\t<p>Udobnost i sigurnost putnika na\u0161 su prioritet. Organiziramo profesionalni transfer za grupe ili pojedince, bilo da je rije\u010d o poslovnim putovanjima, izletima ili zra\u010dnim lukama, uz vrhunsku razinu usluge i diskrecije.<\/p>\t\t\t\t\t\t\t\t<\/div>\n\t\t\t\t<\/div>\n\t\t<div class=\"elementor-element elementor-element-3ab1732 e-grid e-con-full wpr-particle-no wpr-jarallax-no wpr-parallax-no wpr-sticky-section-no wpr-equal-height-no elementor-invisible e-con e-child\" data-id=\"3ab1732\" data-element_type=\"container\" data-e-type=\"container\" data-settings=\"{&quot;animation&quot;:&quot;fadeInRight&quot;}\">\n\t\t\t\t<div class=\"elementor-element elementor-element-b4dbe9f elementor-widget__width-initial elementor-widget elementor-widget-heading\" data-id=\"b4dbe9f\" data-element_type=\"widget\" data-e-type=\"widget\" data-widget_type=\"heading.default\">\n\t\t\t\t\t<h1 class=\"elementor-heading-title elementor-size-default\">Najam priklju\u010dnih vozila<\/h1>\t\t\t\t<\/div>\n\t\t\t\t<div class=\"elementor-element elementor-element-c936337 elementor-widget elementor-widget-text-editor\" data-id=\"c936337\" data-element_type=\"widget\" data-e-type=\"widget\" data-widget_type=\"text-editor.default\">\n\t\t\t\t\t\t\t\t\t<p>Pro\u0161irite svoje transportne kapacitete uz na\u0161u ponudu priklju\u010dnih vozila. Nudimo poluprikolice i prikolice razli\u010ditih namjena koje su odmah spremne za rad, omogu\u0107uju\u0107i vam ve\u0107u u\u010dinkovitost bez investiranja u vlastiti vozni park.<\/p>\t\t\t\t\t\t\t\t<\/div>\n\t\t\t\t<\/div>\n\t\t\t\t\t<\/div>\n\t\t\t\t<\/div>\n\t\t<div class=\"elementor-element elementor-element-3ca1a50 e-flex e-con-boxed wpr-particle-no wpr-jarallax-no wpr-parallax-no wpr-sticky-section-no wpr-equal-height-no e-con e-parent\" data-id=\"3ca1a50\" data-element_type=\"container\" data-e-type=\"container\" data-settings=\"{&quot;shape_divider_bottom&quot;:&quot;waves&quot;}\">\n\t\t\t\t\t<div class=\"e-con-inner\">\n\t\t\t\t<div class=\"elementor-shape elementor-shape-bottom\" aria-hidden=\"true\" data-negative=\"false\">\n\t\t\t<svg xmlns=\"http:\/\/www.w3.org\/2000\/svg\" viewBox=\"0 0 1000 100\" preserveAspectRatio=\"none\">\n\t<path class=\"elementor-shape-fill\" d=\"M421.9,6.5c22.6-2.5,51.5,0.4,75.5,5.3c23.6,4.9,70.9,23.5,100.5,35.7c75.8,32.2,133.7,44.5,192.6,49.7\n\tc23.6,2.1,48.7,3.5,103.4-2.5c54.7-6,106.2-25.6,106.2-25.6V0H0v30.3c0,0,72,32.6,158.4,30.5c39.2-0.7,92.8-6.7,134-22.4\n\tc21.2-8.1,52.2-18.2,79.7-24.2C399.3,7.9,411.6,7.5,421.9,6.5z\"\/>\n<\/svg>\t\t<\/div>\n\t\t\t\t<div class=\"elementor-element elementor-element-b435287 elementor-widget elementor-widget-spacer\" data-id=\"b435287\" data-element_type=\"widget\" data-e-type=\"widget\" data-widget_type=\"spacer.default\">\n\t\t\t\t\t\t\t<div class=\"elementor-spacer\">\n\t\t\t<div class=\"elementor-spacer-inner\"><\/div>\n\t\t<\/div>\n\t\t\t\t\t\t<\/div>\n\t\t\t\t\t<\/div>\n\t\t\t\t<\/div>\n\t\t\t\t<\/div>\n\t\t","protected":false},"excerpt":{"rendered":"<p>sve Na\u0161e usluge u k-trans Saznajte vi\u0161e o uslugama koje nudimo u na\u0161oj tvrtki Prijevoz robe Pru\u017eamo pouzdanu i brzu uslugu transporta svih vrsta tereta. Bilo da se radi o paletiranoj robi ili rasutom teretu, na\u0161 moderni vozni park i iskusni voza\u010di osiguravaju da va\u0161a po\u0161iljka stigne na odredi\u0161te sigurno i to\u010dno na vrijeme. Izvanredni prijevoz Pru\u017eamo siguran transport tereta izvanstandardnih dimenzija i masa. Uz svu potrebnu dokumentaciju i detaljno planiranje ruta, osiguravamo da i najzahtjevniji tereti stignu na svoje odredi\u0161te bez zastoja. Najam vozila Trebate vozilo za vlastite potrebe? Nudimo fleksibilan najam odr\u017eavanih i sigurnih vozila razli\u010ditih kategorija. Bez obzira na trajanje najma, jam\u010dimo vam tehni\u010dku ispravnost i maksimalnu podr\u0161ku na cesti. Prijevoz putnika Udobnost i sigurnost putnika na\u0161 su prioritet. Organiziramo profesionalni transfer za grupe ili pojedince, bilo da je rije\u010d o poslovnim putovanjima, izletima ili zra\u010dnim lukama, uz vrhunsku razinu usluge i diskrecije. Najam priklju\u010dnih vozila Pro\u0161irite svoje transportne kapacitete uz na\u0161u ponudu priklju\u010dnih vozila. Nudimo poluprikolice i prikolice razli\u010ditih namjena koje su odmah spremne za rad, omogu\u0107uju\u0107i vam ve\u0107u u\u010dinkovitost bez investiranja u vlastiti vozni park.<\/p>\n","protected":false},"author":1,"featured_media":0,"parent":0,"menu_order":0,"comment_status":"closed","ping_status":"closed","template":"","meta":{"_eb_attr":"","site-sidebar-layout":"no-sidebar","site-content-layout":"","ast-site-content-layout":"full-width-container","site-content-style":"default","site-sidebar-style":"default","ast-global-header-display":"","ast-banner-title-visibility":"","ast-main-header-display":"","ast-hfb-above-header-display":"","ast-hfb-below-header-display":"","ast-hfb-mobile-header-display":"","site-post-title":"disabled","ast-breadcrumbs-content":"","ast-featured-img":"disabled","footer-sml-layout":"","ast-disable-related-posts":"","theme-transparent-header-meta":"","adv-header-id-meta":"","stick-header-meta":"","header-above-stick-meta":"","header-main-stick-meta":"","header-below-stick-meta":"","astra-migrate-meta-layouts":"default","ast-page-background-enabled":"default","ast-page-background-meta":{"desktop":{"background-color":"var(--ast-global-color-5)","background-image":"","background-repeat":"repeat","background-position":"center center","background-size":"auto","background-attachment":"scroll","background-type":"","background-media":"","overlay-type":"","overlay-color":"","overlay-opacity":"","overlay-gradient":""},"tablet":{"background-color":"","background-image":"","background-repeat":"repeat","background-position":"center center","background-size":"auto","background-attachment":"scroll","background-type":"","background-media":"","overlay-type":"","overlay-color":"","overlay-opacity":"","overlay-gradient":""},"mobile":{"background-color":"","background-image":"","background-repeat":"repeat","background-position":"center center","background-size":"auto","background-attachment":"scroll","background-type":"","background-media":"","overlay-type":"","overlay-color":"","overlay-opacity":"","overlay-gradient":""}},"ast-content-background-meta":{"desktop":{"background-color":"var(--ast-global-color-4)","background-image":"","background-repeat":"repeat","background-position":"center center","background-size":"auto","background-attachment":"scroll","background-type":"","background-media":"","overlay-type":"","overlay-color":"","overlay-opacity":"","overlay-gradient":""},"tablet":{"background-color":"var(--ast-global-color-4)","background-image":"","background-repeat":"repeat","background-position":"center center","background-size":"auto","background-attachment":"scroll","background-type":"","background-media":"","overlay-type":"","overlay-color":"","overlay-opacity":"","overlay-gradient":""},"mobile":{"background-color":"var(--ast-global-color-4)","background-image":"","background-repeat":"repeat","background-position":"center center","background-size":"auto","background-attachment":"scroll","background-type":"","background-media":"","overlay-type":"","overlay-color":"","overlay-opacity":"","overlay-gradient":""}},"footnotes":""},"class_list":["post-68","page","type-page","status-publish","hentry"],"yoast_head":"<!-- This site is optimized with the Yoast SEO plugin v27.4 - https:\/\/yoast.com\/product\/yoast-seo-wordpress\/ -->\n<title>USLUGE -<\/title>\n<meta name=\"robots\" content=\"index, follow, max-snippet:-1, max-image-preview:large, max-video-preview:-1\" \/>\n<link rel=\"canonical\" href=\"https:\/\/puh-izabela.skola-zabok.avalon.hr\/k-trans\/usluge\/\" \/>\n<meta property=\"og:locale\" content=\"hr_HR\" \/>\n<meta property=\"og:type\" content=\"article\" \/>\n<meta property=\"og:title\" content=\"USLUGE -\" \/>\n<meta property=\"og:description\" content=\"sve Na\u0161e usluge u k-trans Saznajte vi\u0161e o uslugama koje nudimo u na\u0161oj tvrtki Prijevoz robe Pru\u017eamo pouzdanu i brzu uslugu transporta svih vrsta tereta. Bilo da se radi o paletiranoj robi ili rasutom teretu, na\u0161 moderni vozni park i iskusni voza\u010di osiguravaju da va\u0161a po\u0161iljka stigne na odredi\u0161te sigurno i to\u010dno na vrijeme. Izvanredni prijevoz Pru\u017eamo siguran transport tereta izvanstandardnih dimenzija i masa. Uz svu potrebnu dokumentaciju i detaljno planiranje ruta, osiguravamo da i najzahtjevniji tereti stignu na svoje odredi\u0161te bez zastoja. Najam vozila Trebate vozilo za vlastite potrebe? Nudimo fleksibilan najam odr\u017eavanih i sigurnih vozila razli\u010ditih kategorija. Bez obzira na trajanje najma, jam\u010dimo vam tehni\u010dku ispravnost i maksimalnu podr\u0161ku na cesti. Prijevoz putnika Udobnost i sigurnost putnika na\u0161 su prioritet. Organiziramo profesionalni transfer za grupe ili pojedince, bilo da je rije\u010d o poslovnim putovanjima, izletima ili zra\u010dnim lukama, uz vrhunsku razinu usluge i diskrecije. Najam priklju\u010dnih vozila Pro\u0161irite svoje transportne kapacitete uz na\u0161u ponudu priklju\u010dnih vozila. Nudimo poluprikolice i prikolice razli\u010ditih namjena koje su odmah spremne za rad, omogu\u0107uju\u0107i vam ve\u0107u u\u010dinkovitost bez investiranja u vlastiti vozni park.\" \/>\n<meta property=\"og:url\" content=\"https:\/\/puh-izabela.skola-zabok.avalon.hr\/k-trans\/usluge\/\" \/>\n<meta property=\"article:modified_time\" content=\"2026-04-21T14:52:47+00:00\" \/>\n<meta name=\"twitter:card\" content=\"summary_large_image\" \/>\n<meta name=\"twitter:label1\" content=\"Procijenjeno vrijeme \u010ditanja\" \/>\n\t<meta name=\"twitter:data1\" content=\"1 minuta\" \/>\n<script type=\"application\/ld+json\" class=\"yoast-schema-graph\">{\"@context\":\"https:\\\/\\\/schema.org\",\"@graph\":[{\"@type\":\"WebPage\",\"@id\":\"https:\\\/\\\/puh-izabela.skola-zabok.avalon.hr\\\/k-trans\\\/usluge\\\/\",\"url\":\"https:\\\/\\\/puh-izabela.skola-zabok.avalon.hr\\\/k-trans\\\/usluge\\\/\",\"name\":\"USLUGE -\",\"isPartOf\":{\"@id\":\"https:\\\/\\\/puh-izabela.skola-zabok.avalon.hr\\\/k-trans\\\/#website\"},\"datePublished\":\"2026-03-01T10:22:22+00:00\",\"dateModified\":\"2026-04-21T14:52:47+00:00\",\"breadcrumb\":{\"@id\":\"https:\\\/\\\/puh-izabela.skola-zabok.avalon.hr\\\/k-trans\\\/usluge\\\/#breadcrumb\"},\"inLanguage\":\"hr\",\"potentialAction\":[{\"@type\":\"ReadAction\",\"target\":[\"https:\\\/\\\/puh-izabela.skola-zabok.avalon.hr\\\/k-trans\\\/usluge\\\/\"]}]},{\"@type\":\"BreadcrumbList\",\"@id\":\"https:\\\/\\\/puh-izabela.skola-zabok.avalon.hr\\\/k-trans\\\/usluge\\\/#breadcrumb\",\"itemListElement\":[{\"@type\":\"ListItem\",\"position\":1,\"name\":\"Home\",\"item\":\"https:\\\/\\\/puh-izabela.skola-zabok.avalon.hr\\\/k-trans\\\/\"},{\"@type\":\"ListItem\",\"position\":2,\"name\":\"USLUGE\"}]},{\"@type\":\"WebSite\",\"@id\":\"https:\\\/\\\/puh-izabela.skola-zabok.avalon.hr\\\/k-trans\\\/#website\",\"url\":\"https:\\\/\\\/puh-izabela.skola-zabok.avalon.hr\\\/k-trans\\\/\",\"name\":\"\",\"description\":\"\",\"potentialAction\":[{\"@type\":\"SearchAction\",\"target\":{\"@type\":\"EntryPoint\",\"urlTemplate\":\"https:\\\/\\\/puh-izabela.skola-zabok.avalon.hr\\\/k-trans\\\/?s={search_term_string}\"},\"query-input\":{\"@type\":\"PropertyValueSpecification\",\"valueRequired\":true,\"valueName\":\"search_term_string\"}}],\"inLanguage\":\"hr\"}]}<\/script>\n<!-- \/ Yoast SEO plugin. -->","yoast_head_json":{"title":"USLUGE -","robots":{"index":"index","follow":"follow","max-snippet":"max-snippet:-1","max-image-preview":"max-image-preview:large","max-video-preview":"max-video-preview:-1"},"canonical":"https:\/\/puh-izabela.skola-zabok.avalon.hr\/k-trans\/usluge\/","og_locale":"hr_HR","og_type":"article","og_title":"USLUGE -","og_description":"sve Na\u0161e usluge u k-trans Saznajte vi\u0161e o uslugama koje nudimo u na\u0161oj tvrtki Prijevoz robe Pru\u017eamo pouzdanu i brzu uslugu transporta svih vrsta tereta. Bilo da se radi o paletiranoj robi ili rasutom teretu, na\u0161 moderni vozni park i iskusni voza\u010di osiguravaju da va\u0161a po\u0161iljka stigne na odredi\u0161te sigurno i to\u010dno na vrijeme. Izvanredni prijevoz Pru\u017eamo siguran transport tereta izvanstandardnih dimenzija i masa. Uz svu potrebnu dokumentaciju i detaljno planiranje ruta, osiguravamo da i najzahtjevniji tereti stignu na svoje odredi\u0161te bez zastoja. Najam vozila Trebate vozilo za vlastite potrebe? Nudimo fleksibilan najam odr\u017eavanih i sigurnih vozila razli\u010ditih kategorija. Bez obzira na trajanje najma, jam\u010dimo vam tehni\u010dku ispravnost i maksimalnu podr\u0161ku na cesti. Prijevoz putnika Udobnost i sigurnost putnika na\u0161 su prioritet. Organiziramo profesionalni transfer za grupe ili pojedince, bilo da je rije\u010d o poslovnim putovanjima, izletima ili zra\u010dnim lukama, uz vrhunsku razinu usluge i diskrecije. Najam priklju\u010dnih vozila Pro\u0161irite svoje transportne kapacitete uz na\u0161u ponudu priklju\u010dnih vozila. Nudimo poluprikolice i prikolice razli\u010ditih namjena koje su odmah spremne za rad, omogu\u0107uju\u0107i vam ve\u0107u u\u010dinkovitost bez investiranja u vlastiti vozni park.","og_url":"https:\/\/puh-izabela.skola-zabok.avalon.hr\/k-trans\/usluge\/","article_modified_time":"2026-04-21T14:52:47+00:00","twitter_card":"summary_large_image","twitter_misc":{"Procijenjeno vrijeme \u010ditanja":"1 minuta"},"schema":{"@context":"https:\/\/schema.org","@graph":[{"@type":"WebPage","@id":"https:\/\/puh-izabela.skola-zabok.avalon.hr\/k-trans\/usluge\/","url":"https:\/\/puh-izabela.skola-zabok.avalon.hr\/k-trans\/usluge\/","name":"USLUGE -","isPartOf":{"@id":"https:\/\/puh-izabela.skola-zabok.avalon.hr\/k-trans\/#website"},"datePublished":"2026-03-01T10:22:22+00:00","dateModified":"2026-04-21T14:52:47+00:00","breadcrumb":{"@id":"https:\/\/puh-izabela.skola-zabok.avalon.hr\/k-trans\/usluge\/#breadcrumb"},"inLanguage":"hr","potentialAction":[{"@type":"ReadAction","target":["https:\/\/puh-izabela.skola-zabok.avalon.hr\/k-trans\/usluge\/"]}]},{"@type":"BreadcrumbList","@id":"https:\/\/puh-izabela.skola-zabok.avalon.hr\/k-trans\/usluge\/#breadcrumb","itemListElement":[{"@type":"ListItem","position":1,"name":"Home","item":"https:\/\/puh-izabela.skola-zabok.avalon.hr\/k-trans\/"},{"@type":"ListItem","position":2,"name":"USLUGE"}]},{"@type":"WebSite","@id":"https:\/\/puh-izabela.skola-zabok.avalon.hr\/k-trans\/#website","url":"https:\/\/puh-izabela.skola-zabok.avalon.hr\/k-trans\/","name":"","description":"","potentialAction":[{"@type":"SearchAction","target":{"@type":"EntryPoint","urlTemplate":"https:\/\/puh-izabela.skola-zabok.avalon.hr\/k-trans\/?s={search_term_string}"},"query-input":{"@type":"PropertyValueSpecification","valueRequired":true,"valueName":"search_term_string"}}],"inLanguage":"hr"}]}},"_links":{"self":[{"href":"https:\/\/puh-izabela.skola-zabok.avalon.hr\/k-trans\/wp-json\/wp\/v2\/pages\/68","targetHints":{"allow":["GET"]}}],"collection":[{"href":"https:\/\/puh-izabela.skola-zabok.avalon.hr\/k-trans\/wp-json\/wp\/v2\/pages"}],"about":[{"href":"https:\/\/puh-izabela.skola-zabok.avalon.hr\/k-trans\/wp-json\/wp\/v2\/types\/page"}],"author":[{"embeddable":true,"href":"https:\/\/puh-izabela.skola-zabok.avalon.hr\/k-trans\/wp-json\/wp\/v2\/users\/1"}],"replies":[{"embeddable":true,"href":"https:\/\/puh-izabela.skola-zabok.avalon.hr\/k-trans\/wp-json\/wp\/v2\/comments?post=68"}],"version-history":[{"count":92,"href":"https:\/\/puh-izabela.skola-zabok.avalon.hr\/k-trans\/wp-json\/wp\/v2\/pages\/68\/revisions"}],"predecessor-version":[{"id":486,"href":"https:\/\/puh-izabela.skola-zabok.avalon.hr\/k-trans\/wp-json\/wp\/v2\/pages\/68\/revisions\/486"}],"wp:attachment":[{"href":"https:\/\/puh-izabela.skola-zabok.avalon.hr\/k-trans\/wp-json\/wp\/v2\/media?parent=68"}],"curies":[{"name":"wp","href":"https:\/\/api.w.org\/{rel}","templated":true}]}}